{"id":1385,"date":"2021-08-16T17:26:29","date_gmt":"2021-08-17T00:26:29","guid":{"rendered":"https:\/\/ripscleats.com\/politique-de-confidentialite-de-rips-cleats\/"},"modified":"2021-08-16T17:26:29","modified_gmt":"2021-08-17T00:26:29","slug":"politique-de-confidentialite-de-rips-cleats","status":"publish","type":"page","link":"https:\/\/ripscleats.com\/fr\/politique-de-confidentialite-de-rips-cleats\/","title":{"rendered":"Politique de confidentialit\u00e9 de Rip\u2019s\u00a0Cleats"},"content":{"rendered":"<p>La pr\u00e9sente politique de confidentialit\u00e9 d\u00e9crit comment vos renseignements personnels sont recueillis, utilis\u00e9s et communiqu\u00e9s lorsque vous visitez ou faites un achat sur le site Web <a href=\"https:\/\/ripscleats.com\/fr\/\">ripscleats.com<\/a> (le \u201cSite\u201d).<\/p>\n<h3>CUEILLETTE DE RENSEIGNEMENTS PERSONNELS<\/h3>\n<p>Lorsque vous visitez le Site, nous recueillons automatiquement certains renseignements sur votre appareil, notamment des donn\u00e9es sur votre navigateur Web, votre adresse IP, votre fuseau horaire et certains des fichiers t\u00e9moins qui sont install\u00e9s sur votre appareil. De plus, lorsque vous naviguez sur le Site, nous recueillons des donn\u00e9es sur les pages Web ou les produits que vous consultez, sur les sites Web ou les termes de recherche qui vous ont dirig\u00e9 au Site et sur la mani\u00e8re dont vous interagissez avec le Site. Nous d\u00e9signons ces donn\u00e9es collect\u00e9es automatiquement par le terme \u00ab\u00a0donn\u00e9es sur les appareils\u00a0\u00bb.<\/p>\n<p>Les technologies que nous utilisons pour recueillir des renseignements pourraient notamment inclure ce qui suit\u00a0:<\/p>\n<p>\u2013 Les \u00ab\u00a0fichiers t\u00e9moins\u00a0\u00bb sont des fichiers de donn\u00e9es plac\u00e9s sur votre appareil ou votre ordinateur qui comprennent souvent un identifiant unique anonyme. Pour plus d\u2019informations sur les fichiers t\u00e9moins et sur la fa\u00e7on de les d\u00e9sactiver, visitez le <a href=\"https:\/\/www.allaboutcookies.org\/fr\/\" target=\"_blank\" rel=\"noopener\">https:\/\/www.allaboutcookies.org\/fr\/<\/a>.<\/p>\n<p>\u2013 Les \u00ab\u00a0fichiers journaux\u00a0\u00bb suivent les actions qui se produisent sur le Site et collectent des donn\u00e9es, notamment votre adresse IP, votre type de navigateur, votre fournisseur d\u2019acc\u00e8s \u00e0 Internet, les pages de renvoi\/de sortie et le marquage de la date et de l\u2019heure.<\/p>\n<p>\u2013 Les \u00ab\u00a0pixels espions\u00a0\u00bb, les \u00ab\u00a0balises\u00a0\u00bb et les \u00ab\u00a0pixels\u00a0\u00bb sont des fichiers \u00e9lectroniques utilis\u00e9s pour enregistrer des donn\u00e9es sur la fa\u00e7on dont vous naviguez sur le site.<\/p>\n<p> De plus, lorsque vous effectuez ou tentez d\u2019effectuer un achat sur le site, nous recueillons certains renseignements sur vous, notamment votre nom, votre adresse de facturation, votre adresse de livraison, vos donn\u00e9es de paiement (y compris les num\u00e9ros de carte de cr\u00e9dit, votre adresse courriel et vos num\u00e9ros de t\u00e9l\u00e9phone). Nous appelons ces informations \u00ab\u00a0renseignements sur la commande\u00a0\u00bb<\/p>\n<p>Dans la pr\u00e9sente politique de confidentialit\u00e9, les \u00ab\u00a0renseignements personnels\u00a0\u00bb englobent autant les donn\u00e9es sur l\u2019appareil que les renseignements sur la commande.<\/p>\n<h3>UTILISATION DE VOS RENSEIGNEMENTS PERSONNELS<\/h3>\n<p>Nous utilisons les renseignements sur la commande que nous recueillons g\u00e9n\u00e9ralement pour ex\u00e9cuter les commandes pass\u00e9es par l\u2019entremise du site (y compris le traitement de vos donn\u00e9es de paiement, l\u2019organisation de l\u2019exp\u00e9dition et l\u2019envoi de factures ou de confirmations de commande). De plus, nous utilisons ces informations de commande pour\u00a0:<\/p>\n<p>Communiquer avec vous;<\/p>\n<p>Examiner nos commandes pour d\u00e9tecter les risques ou les fraudes possibles;<\/p>\n<p>Conform\u00e9ment \u00e0 vos pr\u00e9f\u00e9rences, vous faire part d\u2019informations ou de publicit\u00e9s relatives \u00e0 nos produits ou services.<\/p>\n<p>Nous utilisons les donn\u00e9es sur les appareils que nous recueillons pour nous aider \u00e0 d\u00e9tecter les risques et les fraudes potentiels (en particulier, votre adresse IP) et, plus g\u00e9n\u00e9ralement, pour am\u00e9liorer et optimiser notre site (par exemple, en g\u00e9n\u00e9rant des analyses sur la fa\u00e7on dont nos clients naviguent et interagissent avec le site, et pour \u00e9valuer le succ\u00e8s de nos campagnes de marketing et de publicit\u00e9).<\/p>\n<h3>COMMUNICATION DE VOS RENSEIGNEMENTS PERSONNELS<\/h3>\n<p>Nous communiquons vos renseignements personnels \u00e0 des tiers pour nous aider \u00e0 utiliser ces renseignements comme d\u00e9crit ci-dessus. Par exemple, nous utilisons Shopify pour alimenter notre boutique en ligne. Vous pouvez en savoir plus sur la fa\u00e7on dont Shopify utilise vos renseignements personnels ici\u00a0: <a href=\"https:\/\/fr.shopify.ca\/legal\/confidentialite\" target=\"_blank\" rel=\"noopener\">https:\/\/fr.shopify.ca\/legal\/confidentialite<\/a>.\u00a0Nous utilisons \u00e9galement Google\u00a0Analytics pour nous aider \u00e0 comprendre comment nos clients utilisent le site. Vous pouvez en savoir plus sur la mani\u00e8re dont Google utilise vos renseignements personnels ici\u00a0:\u00a0 <a href=\"https:\/\/policies.google.com\/privacy?hl=fr-CA\" target=\"_blank\" rel=\"noopener\">https:\/\/policies.google.com\/privacy?hl=fr-CA<\/a>.\u00a0Vous pouvez \u00e9galement refuser l\u2019acc\u00e8s \u00e0 Google\u00a0Analytics ici\u00a0:\u00a0 <a href=\"https:\/\/tools.google.com\/dlpage\/gaoptout\" target=\"_blank\" rel=\"noopener\">https:\/\/tools.google.com\/dlpage\/gaoptout<\/a>.<\/p>\n<p>Enfin, nous pourrions \u00e9galement communiquer vos renseignements personnels pour nous conformer aux lois et r\u00e8glements en vigueur, pour r\u00e9pondre \u00e0 une assignation, \u00e0 un mandat de perquisition ou \u00e0 toute autre demande l\u00e9gale d\u2019information que nous recevons, ou pour prot\u00e9ger nos droits de toute autre mani\u00e8re.<\/p>\n<h3>PUBLICIT\u00c9 COMPORTEMENTALE<\/h3>\n<p>Comme d\u00e9crit ci-dessus, nous utilisons vos renseignements personnels pour vous fournir des publicit\u00e9s ou des communications marketing cibl\u00e9es qui, selon nous, sont susceptibles de vous int\u00e9resser. Pour en savoir plus sur le fonctionnement de la publicit\u00e9 cibl\u00e9e, vous pouvez consulter la page \u00e9ducative de la Network Advertising Initiative (\u00ab\u00a0NAI\u00a0\u00bb, en anglais seulement) au <a href=\"http:\/\/www.networkadvertising.org\/understanding-online-advertising\/how-does-it-work\" target=\"_blank\" rel=\"noopener\">http:\/\/www.networkadvertising.org\/understanding-online-advertising\/how-does-it-work<\/a>.<\/p>\n<p> Vous pouvez refuser la publicit\u00e9 cibl\u00e9e par ces moyens\u00a0:<\/p>\n<p><strong>VOICI CERTAINS DES LIENS COURANTS\u00a0:<\/strong><\/p>\n<ul>\n\t<li>FACEBOOK \u2013 <a href=\"https:\/\/www.facebook.com\/settings\/?tab=ads\" target=\"_blank\" rel=\"noopener\">https:\/\/www.facebook.com\/settings\/?tab=ads<\/a><\/li>\n\t<li>GOOGLE \u2013 <a href=\"https:\/\/www.google.com\/settings\/ads\/anonymous\" target=\"_blank\" rel=\"noopener\">https:\/\/www.google.com\/settings\/ads\/anonymous<\/a><\/li>\n\t<li>BING \u2013 <a href=\"https:\/\/advertise.bingads.microsoft.com\/en-us\/resources\/policies\/personalized-ads\" target=\"_blank\" rel=\"noopener\">https:\/\/advertise.bingads.microsoft.com\/en-us\/resources\/policies\/personalized-ads<\/a><\/li>\n<\/ul>\n<p>De plus, vous pouvez refuser certains de ces services en visitant le portail d\u2019exclusion de la Digital Advertising Alliance au\u00a0:<a href=\"https:\/\/optout.aboutads.info\/?c=3&#038;lang=fr\" target=\"_blank\" rel=\"noopener\">https:\/\/optout.aboutads.info\/?c=3&#038;lang=fr<\/a>.<\/p>\n<h3>BLOCAGE DU SUIVI<\/h3>\n<p>Veuillez noter que nous ne modifions pas les pratiques de collecte et d\u2019utilisation des donn\u00e9es de notre site lorsque nous voyons un signal de refus de suivi de votre navigateur.<\/p>\n<h3>VOS DROITS<\/h3>\n<p>Si vous \u00eates un r\u00e9sident europ\u00e9en, vous avez le droit d\u2019acc\u00e9der aux renseignements personnels que nous d\u00e9tenons \u00e0 votre sujet et de demander que ceux-ci soient corrig\u00e9s, mis \u00e0 jour ou supprim\u00e9s. Si vous souhaitez exercer ce droit, veuillez communiquer avec nous en utilisant les coordonn\u00e9es ci-dessous.<\/p>\n<p>De plus, si vous \u00eates un r\u00e9sident europ\u00e9en, prenez note que nous traitons vos renseignements afin d\u2019ex\u00e9cuter les contrats que nous pourrions avoir avec vous (par exemple, si vous passez une commande sur le Site) ou pour poursuivre nos int\u00e9r\u00eats commerciaux l\u00e9gitimes \u00e9num\u00e9r\u00e9s ci-dessus. De plus, veuillez noter que vos renseignements seront transf\u00e9r\u00e9s en dehors de l\u2019Europe, notamment au Canada et aux \u00c9tats-Unis.<\/p>\n<h3>CONSERVATION DES DONN\u00c9ES<\/h3>\n<p>Lorsque vous passez une commande sur le Site, nous conservons les renseignements relatifs \u00e0 votre commande dans nos dossiers, sauf si vous nous demandez de les supprimer.<\/p>\n<h3>MINEURS<\/h3>\n<p>Le Site n\u2019est pas destin\u00e9 aux personnes de moins de 19\u00a0ans.<\/p>\n<h3>CHANGEMENTS<\/h3>\n<p>Nous pourrions occasionnellement modifier cette politique de confidentialit\u00e9 afin de refl\u00e9ter, par exemple, des changements dans nos pratiques ou pour d\u2019autres raisons op\u00e9rationnelles, juridiques ou r\u00e9glementaires.<\/p>\n<h3>NOUS JOINDRE<\/h3>\n<p> Pour de plus amples informations sur nos pratiques en mati\u00e8re de confidentialit\u00e9, si vous avez des questions ou si vous souhaitez d\u00e9poser une plainte, veuillez communiquer avec nous par courriel au <a href=\"&#x6d;&#x61;&#x69;&#x6c;&#x74;&#x6f;&#x3a;&#x52;&#x69;&#x70;&#x73;&#67;&#108;&#101;&#97;&#116;&#115;&#64;shaw&#46;c&#x61;\">&#x52;&#x69;&#x70;&#x73;&#x43;&#x6c;&#x65;&#x61;&#x74;&#x73;&#x40;&#x73;&#x68;&#x61;&#x77;&#x2e;&#x63;&#x61;<\/a> ou par la poste en utilisant l\u2019adresse suivante\u00a0:<\/p>\n<p>613\u2009104\u00a0<sup>th<\/sup> Ave, Dawson\u00a0Creek, C.-B., Canada V1G\u00a02H1<\/p>","protected":false},"excerpt":{"rendered":"La pr\u00e9sente politique de confidentialit\u00e9 d\u00e9crit comment vos renseignements personnels sont recueillis, utilis\u00e9s et communiqu\u00e9s lorsque vous visitez ou faites un achat sur le site Web ripscleats.com (le \u201cSite\u201d). CUEILLETTE DE RENSEIGNEMENTS PERSONNELS Lorsque vous visitez le Site, nous recueillons automatiquement certains renseignements sur votre appareil, notamment des donn\u00e9es sur votre navigateur Web, votre adresse<p><a class=\"moretag\" href=\"https:\/\/ripscleats.com\/fr\/politique-de-confidentialite-de-rips-cleats\/\">Read more&#8230;<\/a><\/p>","protected":false},"author":2,"featured_media":0,"parent":0,"menu_order":0,"comment_status":"closed","ping_status":"closed","template":"","meta":{"_acf_changed":false,"footnotes":""},"class_list":["post-1385","page","type-page","status-publish","hentry"],"acf":[],"_links":{"self":[{"href":"https:\/\/ripscleats.com\/fr\/wp-json\/wp\/v2\/pages\/1385","targetHints":{"allow":["GET"]}}],"collection":[{"href":"https:\/\/ripscleats.com\/fr\/wp-json\/wp\/v2\/pages"}],"about":[{"href":"https:\/\/ripscleats.com\/fr\/wp-json\/wp\/v2\/types\/page"}],"author":[{"embeddable":true,"href":"https:\/\/ripscleats.com\/fr\/wp-json\/wp\/v2\/users\/2"}],"replies":[{"embeddable":true,"href":"https:\/\/ripscleats.com\/fr\/wp-json\/wp\/v2\/comments?post=1385"}],"version-history":[{"count":0,"href":"https:\/\/ripscleats.com\/fr\/wp-json\/wp\/v2\/pages\/1385\/revisions"}],"wp:attachment":[{"href":"https:\/\/ripscleats.com\/fr\/wp-json\/wp\/v2\/media?parent=1385"}],"curies":[{"name":"wp","href":"https:\/\/api.w.org\/{rel}","templated":true}]}}