{"id":1311,"date":"2021-08-16T17:26:23","date_gmt":"2021-08-17T00:26:23","guid":{"rendered":"https:\/\/ripscleats.com\/notre-histoire\/"},"modified":"2024-03-14T11:25:52","modified_gmt":"2024-03-14T18:25:52","slug":"notre-histoire","status":"publish","type":"page","link":"https:\/\/ripscleats.com\/fr\/notre-histoire\/","title":{"rendered":"Notre histoire"},"content":{"rendered":"<div class=\"col l5\">\n<p>Les crampons Rip&rsquo;s sont fabriqu\u00e9s \u00e0 Dawson Creek, en Colombie-Britannique. Dawson Creek abrite le c\u00e9l\u00e8bre \u00ab Mile Zero Post of The Alaska Highway \u00bb.<\/p>\n<h3>Frank Ripley<\/h3>\n<p class=\"frank-text\">Frank Ripley est un cordonnier de chaussures local \u00e0 Dawson Creek. Il r\u00e9pare des bottes de la r\u00e9gion de Peace et au-del\u00e0 depuis plus de 50 ans. Pour autant qu\u2019il sache, il est le seul cordonnier d\u2019ici \u00e0 Anchorage, en Alaska. Les clients viennent d&rsquo;aussi loin au nord que Dawson City, au Yukon.<\/p>\n<\/div>\n<h3><img decoding=\"async\" class=\"aligncenter\" style=\"font-size: 16px;\" src=\"https:\/\/ripscleats.com\/wp-content\/uploads\/2018\/07\/frank-ripley.jpg\"><\/h3>\n<h3> <\/h3>\n<h4>La histoire de Rip&rsquo;s Cleats<\/h4>\n<p>Rip&rsquo;s Cleats\u2122 a d\u00e9but\u00e9 sous la banni\u00e8re Rip&rsquo;s Shoe Re-Nu en 1978. Au d\u00e9but de l&rsquo;activit\u00e9 des crampons, Frank, propri\u00e9taire de Rip&rsquo;s Shoe Re-Nu, a fait une chute sur la glace, ce qui lui a valu une blessure \u00e0 la t\u00eate n\u00e9cessitant des points de suture. C&rsquo;est ainsi qu&rsquo;est n\u00e9e l&rsquo;id\u00e9e des Rip&rsquo;s Cleats. En tant que ma\u00eetre cordonnier, Frank a d\u00e9velopp\u00e9 des prototypes de dispositifs antid\u00e9rapants qui s&rsquo;adaptent aux chaussures d&rsquo;hiver. Il a donn\u00e9 ces crampons \u00e0 glace aux a\u00een\u00e9s de la communaut\u00e9 pour qu&rsquo;ils les essayent, avec beaucoup de succ\u00e8s. En 1991, \u00e0 la suite d&rsquo;un changement climatique massif entra\u00eenant un cycle d\u00e9gel-gel, deux premiers intervenants se sont pr\u00e9sent\u00e9s au magasin de chaussures pour dire que les routes et les rues s&rsquo;\u00e9taient transform\u00e9es en patinoire. \u00ab Vous devez nous vendre certaines de ces choses \u00e0 crampons. Nous ne pouvons pas rester debout l\u00e0-bas. C\u2019\u00e9tait la premi\u00e8re vente de crampons de Frank.<\/p>\n<p>\u00c0 un moment donn\u00e9, Frank a fourni des \u00e9chantillons de crampons aux unit\u00e9s de dressage canin d&rsquo;Innisfail, en Alberta, la maison de sa m\u00e8re. En 2010, ces m\u00eames unit\u00e9s ont \u00e9t\u00e9 appel\u00e9es pour assister aux Jeux olympiques organis\u00e9s \u00e0 Whistler, en Colombie-Britannique. \u00c0 la fin des Jeux Olympiques, de nombreux premiers intervenants et membres du personnel de s\u00e9curit\u00e9 utilisaient les Rip&rsquo;s Cleats.<\/p>\n<p>Depuis lors, Frank a d\u00e9velopp\u00e9 des mod\u00e8les de crampons qui r\u00e9pondraient aux besoins et aux exigences de nombreuses industries et loisirs, en s&rsquo;\u00e9tendant pour inclure trois mod\u00e8les diff\u00e9rents, en 4 tailles de crampons disponibles en emballages en vrac et en pr\u00e9sentoir. Rip&rsquo;s Cleats\u2122 offre une traction sur la glace et la neige compacte avec une conception rotative \u00ab allez o\u00f9 vous allez \u00bb, garantissant que vous avez toujours la traction n\u00e9cessaire lorsque vous rencontrez des surfaces glac\u00e9es, mais vous permettant simplement de faire pivoter les crampons vers le haut de vos chaussures lorsque vous entrez dans des b\u00e2timents, grimpez. des \u00e9chelles ou lors de la conduite d&rsquo;un v\u00e9hicule, etc.<\/p>\n<p>&nbsp;<\/p>\n<table style=\"border-collapse: collapse; width: 100%;\">\n<tbody>\n<tr>\n<td style=\"width: 50%;\">\n<p><img decoding=\"async\" class=\"aligncenter\" src=\"https:\/\/ripscleats.com\/wp-content\/uploads\/2018\/07\/about-2.jpg\"><\/p>\n<p>&nbsp;<\/p>\n<\/td>\n<td style=\"width: 50%;\"><span style=\"text-align: center;\">Ceci est une photo d&rsquo;un des crampons d&rsquo;origine. Des modifications ont \u00e9t\u00e9 apport\u00e9es peu de temps apr\u00e8s pour fournir une rondelle en caoutchouc au lieu du cuir, car le cuir r\u00e9tr\u00e9cirait et se dilaterait \u00e0 cause de l&rsquo;humidit\u00e9.<\/span><\/td>\n<\/tr>\n<tr>\n<td style=\"width: 50%;\">\n<p><img decoding=\"async\" class=\"aligncenter\" src=\"https:\/\/ripscleats.com\/wp-content\/uploads\/2018\/07\/about-1.jpg\"><\/p>\n<p>&nbsp;<\/p>\n<\/td>\n<td style=\"width: 50%;\">\n<div class=\"about-pro\">\n<div class=\"row\">\n<div> <\/div>\n<\/div>\n<\/div>\n<p style=\"text-align: center;\">Cette photo est un taquet qui a \u00e9t\u00e9 utilis\u00e9 pendant 16 ans jusqu&rsquo;\u00e0 ce que la sangle tombe finalement en panne. Il est \u00e0 noter que les pointes sont toujours pointues et que le zingage anticorrosion est toujours pr\u00e9sent.<\/p>\n<\/td>\n<\/tr>\n<tr>\n<td style=\"width: 50%;\"><img loading=\"lazy\" decoding=\"async\" class=\"wp-image-990 aligncenter\" src=\"https:\/\/ripscleats.com\/wp-content\/uploads\/2020\/04\/BERYLLIUM-COPPER-SIDE-PROFILE-2-e1586298817332-300x225.jpg\" alt=\"\" width=\"302\" height=\"226\" srcset=\"https:\/\/ripscleats.com\/wp-content\/uploads\/2020\/04\/BERYLLIUM-COPPER-SIDE-PROFILE-2-e1586298817332-300x225.jpg 300w, https:\/\/ripscleats.com\/wp-content\/uploads\/2020\/04\/BERYLLIUM-COPPER-SIDE-PROFILE-2-e1586298817332.jpg 480w\" sizes=\"auto, (max-width: 302px) 100vw, 302px\" \/><\/td>\n<td style=\"width: 50%;\"><span style=\"text-align: center;\">Notre nouveau design et mod\u00e8le \u2013 B\u00e9ryllium Cuivre, construit avec notre \u00e9lastique hydrofuge et notre \u00e9criture verte ajout\u00e9e.<\/span><\/td>\n<\/tr>\n<\/tbody>\n<\/table>","protected":false},"excerpt":{"rendered":"Les crampons Rip&rsquo;s sont fabriqu\u00e9s \u00e0 Dawson Creek, en Colombie-Britannique. Dawson Creek abrite le c\u00e9l\u00e8bre \u00ab Mile Zero Post of The Alaska Highway \u00bb. Frank Ripley Frank Ripley est un cordonnier de chaussures local \u00e0 Dawson Creek. Il r\u00e9pare des bottes de la r\u00e9gion de Peace et au-del\u00e0 depuis plus de 50 ans. Pour autant<p><a class=\"moretag\" href=\"https:\/\/ripscleats.com\/fr\/notre-histoire\/\">Read more&#8230;<\/a><\/p>","protected":false},"author":2,"featured_media":0,"parent":0,"menu_order":0,"comment_status":"closed","ping_status":"closed","template":"page-fullwidth.php","meta":{"_acf_changed":false,"footnotes":""},"class_list":["post-1311","page","type-page","status-publish","hentry"],"acf":[],"_links":{"self":[{"href":"https:\/\/ripscleats.com\/fr\/wp-json\/wp\/v2\/pages\/1311","targetHints":{"allow":["GET"]}}],"collection":[{"href":"https:\/\/ripscleats.com\/fr\/wp-json\/wp\/v2\/pages"}],"about":[{"href":"https:\/\/ripscleats.com\/fr\/wp-json\/wp\/v2\/types\/page"}],"author":[{"embeddable":true,"href":"https:\/\/ripscleats.com\/fr\/wp-json\/wp\/v2\/users\/2"}],"replies":[{"embeddable":true,"href":"https:\/\/ripscleats.com\/fr\/wp-json\/wp\/v2\/comments?post=1311"}],"version-history":[{"count":0,"href":"https:\/\/ripscleats.com\/fr\/wp-json\/wp\/v2\/pages\/1311\/revisions"}],"wp:attachment":[{"href":"https:\/\/ripscleats.com\/fr\/wp-json\/wp\/v2\/media?parent=1311"}],"curies":[{"name":"wp","href":"https:\/\/api.w.org\/{rel}","templated":true}]}}