{"id":1293,"date":"2021-08-03T13:59:05","date_gmt":"2021-08-03T20:59:05","guid":{"rendered":"https:\/\/ripscleats.com\/taille-des-crampons\/"},"modified":"2021-08-03T13:59:05","modified_gmt":"2021-08-03T20:59:05","slug":"taille-des-crampons","status":"publish","type":"page","link":"https:\/\/ripscleats.com\/fr\/nos-produits\/taille-des-crampons\/","title":{"rendered":"Taille des crampons"},"content":{"rendered":"<div class=\"text-center mb50\">\n<h3>COMMENT D\u00c9TERMINER VOTRE TAILLE<\/h3>\n<\/div>\n<p><!--<\/p>\n<div class=\"col xl3 l6 m6 cleats-size text-center\">\n<table class=\"product-table\">\n<thead>\n<tr>\n<th colspan=\"2\" class=\"grey darken-4\">\n<h2>Peu tranchants<\/h2>\n<\/th>\n<\/tr>\n<\/thead>\n<tbody>\n<tr>\n<td colspan=\"2\" class=\"grey lighten-2\"><strong>Bottes d\u2019hiver pour HOMME <\/strong><\/td>\n<\/tr>\n<tr>\n<td style=\"width: 50%;\">Taille<\/td>\n<td style=\"width: 50%;\">Code de taille<\/td>\n<\/tr>\n<tr>\n<td style=\"width: 50%;\">Taille\u00a07 \u00e0 8<\/td>\n<td style=\"width: 50%;\">Taille M 4\u00a0X\u00a010,5\u00a0B<\/td>\n<\/tr>\n<tr>\n<td style=\"width: 50%;\">Taille\u00a09 \u00e0 12<\/td>\n<td style=\"width: 50%;\">Taille\u00a0G 4\u00a0X\u00a012\u00a0B<\/td>\n<\/tr>\n<tr>\n<td style=\"width: 50%;\">Taille\u00a013 ou plus<\/td>\n<td style=\"width: 50%;\">Taille TG 4\u00a0X\u00a013\u00a0B<\/td>\n<\/tr>\n<tr>\n<td colspan=\"2\" class=\"grey lighten-2\"><strong>Bottes d\u2019hiver pour FEMME <\/strong><\/td>\n<\/tr>\n<tr>\n<td style=\"width: 50%;\">Taille\u00a07 \u00e0 11<\/td>\n<td style=\"width: 50%;\">Taille M 4\u00a0X\u00a010,5\u00a0B<\/td>\n<\/tr>\n<tr>\n<td style=\"width: 50%;\">Taille\u00a09 \u00e0 12<\/td>\n<td style=\"width: 50%;\">Taille G 4\u00a0X\u00a012\u00a0B<\/td>\n<\/tr>\n<tr>\n<td style=\"width: 50%;\">&nbsp;<\/td>\n<td style=\"width: 50%;\">&nbsp;<\/td>\n<\/tr>\n<tr>\n<td colspan=\"2\"><a class=\"products-button grey darken-4\" href=\"https:\/\/ripscleats.com\/our-products\/\">Nos produits<\/a><\/td>\n<\/tr>\n<\/tbody>\n<\/table>\n<\/div>\n<p>--><\/p>\n<hr \/>\n<table class=\" aligncenter\" style=\"width: 32.078%; height: 336px;\" width=\"425\">\n<tbody>\n<tr>\n<td style=\"width: 30.5085%;\" width=\"141\"><strong>Taille<\/strong><\/td>\n<td style=\"width: 28.8136%;\" width=\"114\"><strong>Nombre de pointes<\/strong><\/td>\n<td style=\"width: 48.3051%;\" width=\"170\"><strong>Longueur de l\u2019\u00e9lastique en pouces<\/strong><\/td>\n<\/tr>\n<tr>\n<td style=\"width: 30.5085%;\" width=\"141\"><strong>P<\/strong><\/td>\n<td style=\"width: 28.8136%;\" width=\"114\">3<\/td>\n<td style=\"width: 48.3051%;\" width=\"170\">10\u201d<\/td>\n<\/tr>\n<tr>\n<td style=\"width: 30.5085%;\" width=\"141\"><strong>M<\/strong><\/td>\n<td style=\"width: 28.8136%;\" width=\"114\">4<\/td>\n<td style=\"width: 48.3051%;\" width=\"170\">10.5\u201d<\/td>\n<\/tr>\n<tr>\n<td style=\"width: 30.5085%;\" width=\"141\"><strong>G<\/strong><\/td>\n<td style=\"width: 28.8136%;\" width=\"114\">4<\/td>\n<td style=\"width: 48.3051%;\" width=\"170\">12\u201d<\/td>\n<\/tr>\n<tr>\n<td style=\"width: 30.5085%;\" width=\"141\"><strong>TG<\/strong><\/td>\n<td style=\"width: 28.8136%;\" width=\"114\">4<\/td>\n<td style=\"width: 48.3051%;\" width=\"170\">13\u201d<\/td>\n<\/tr>\n<\/tbody>\n<\/table>\n<p>&nbsp;<\/p>\n<hr \/>\n<p>Les crampons Rip&rsquo;s\u00a0Cleats sont une aide \u00e0 la traction qui se porte au milieu de la semelle, sur la vo\u00fbte plantaire. Pour trouver la bonne taille, mesurez la vo\u00fbte plantaire de la chaussure \u00e0 utiliser avec les crampons Rip&rsquo;s Cleats, soustrayez 2 \u00e0 4 pouces de cette mesure pour un bon ajustement et commandez la taille correspondante ci-dessus.<\/p>\n<p>&nbsp;<\/p>\n<p>&nbsp;<\/p>\n<div class=\"text-center mt50\">\n<p>&nbsp;<\/p>\n<p>Des questions sur la taille \u00e0 choisir? <a href=\"https:\/\/ripscleats.com\/contact-us\/\">Nous joindre<\/a>.<\/p>\n<\/div>","protected":false},"excerpt":{"rendered":"COMMENT D\u00c9TERMINER VOTRE TAILLE Taille Nombre de pointes Longueur de l\u2019\u00e9lastique en pouces P 3 10\u201d M 4 10.5\u201d G 4 12\u201d TG 4 13\u201d &nbsp; Les crampons Rip&rsquo;s\u00a0Cleats sont une aide \u00e0 la traction qui se porte au milieu de la semelle, sur la vo\u00fbte plantaire. Pour trouver la bonne taille, mesurez la vo\u00fbte<p><a class=\"moretag\" href=\"https:\/\/ripscleats.com\/fr\/nos-produits\/taille-des-crampons\/\">Read more&#8230;<\/a><\/p>","protected":false},"author":2,"featured_media":0,"parent":1337,"menu_order":0,"comment_status":"closed","ping_status":"closed","template":"page-fullwidth.php","meta":{"_acf_changed":false,"footnotes":""},"class_list":["post-1293","page","type-page","status-publish","hentry"],"acf":[],"_links":{"self":[{"href":"https:\/\/ripscleats.com\/fr\/wp-json\/wp\/v2\/pages\/1293","targetHints":{"allow":["GET"]}}],"collection":[{"href":"https:\/\/ripscleats.com\/fr\/wp-json\/wp\/v2\/pages"}],"about":[{"href":"https:\/\/ripscleats.com\/fr\/wp-json\/wp\/v2\/types\/page"}],"author":[{"embeddable":true,"href":"https:\/\/ripscleats.com\/fr\/wp-json\/wp\/v2\/users\/2"}],"replies":[{"embeddable":true,"href":"https:\/\/ripscleats.com\/fr\/wp-json\/wp\/v2\/comments?post=1293"}],"version-history":[{"count":0,"href":"https:\/\/ripscleats.com\/fr\/wp-json\/wp\/v2\/pages\/1293\/revisions"}],"up":[{"embeddable":true,"href":"https:\/\/ripscleats.com\/fr\/wp-json\/wp\/v2\/pages\/1337"}],"wp:attachment":[{"href":"https:\/\/ripscleats.com\/fr\/wp-json\/wp\/v2\/media?parent=1293"}],"curies":[{"name":"wp","href":"https:\/\/api.w.org\/{rel}","templated":true}]}}