{"id":1237,"date":"2021-08-03T13:58:04","date_gmt":"2021-08-03T20:58:04","guid":{"rendered":"https:\/\/ripscleats.com\/garantie\/"},"modified":"2021-08-03T13:58:04","modified_gmt":"2021-08-03T20:58:04","slug":"garantie","status":"publish","type":"page","link":"https:\/\/ripscleats.com\/fr\/garantie\/","title":{"rendered":"Garantie"},"content":{"rendered":"<hr \/>\n<p>&nbsp;<\/p>\n<hr \/>\n<p><strong> Garantie limit\u00e9e<\/strong><\/p>\n<hr \/>\n<p>La garantie offerte par Rip\u2019s\u00a0Cleats \u00e0 l\u2019acheteur original au d\u00e9tail est non transf\u00e9rable et exclut express\u00e9ment tout produit qui n\u2019a pas \u00e9t\u00e9 achet\u00e9 comme neuf aupr\u00e8s d\u2019un d\u00e9taillant autoris\u00e9 de Rip\u2019s Cleats. Si ce produit ou toute partie de celui-ci, dans des conditions normales d\u2019utilisation et les conditions pour lesquelles il a \u00e9t\u00e9 con\u00e7u, s\u2019av\u00e8re avoir un d\u00e9faut de mat\u00e9riel ou de fabrication dans les six (6) mois suivant la date d\u2019achat initiale, il sera remplac\u00e9 sans frais.<\/p>\n<hr \/>\n<p>Pour obtenir un remplacement dans le cadre de la pr\u00e9sente garantie, le produit doit \u00eatre retourn\u00e9 \u00e0 la soci\u00e9t\u00e9, accompagn\u00e9 d\u2019une preuve d\u2019achat. Tous les retours doivent \u00e9galement \u00eatre emball\u00e9s dans une bo\u00eete d\u2019exp\u00e9dition ext\u00e9rieure. Le client est responsable des frais d\u2019exp\u00e9dition et de manutention de tous les articles retourn\u00e9s. Veuillez communiquer avec Rip\u2019s Cleats au <span style=\"text-decoration: underline;\">&#x72;&#105;p&#x73;&#99;l&#x65;&#97;t&#x73;&#64;s&#x68;&#97;w&#x2e;&#99;a<\/span> ou appeler au 250\u00a0782-4318.<\/p>\n<p>Adresse de retour\u00a0: Rip\u2019s Cleats<\/p>\n<p>\u00a0 \u00a0 \u00a0 \u00a0 \u00a0 \u00a0 \u00a0 \u00a0 \u00a0 \u00a0 \u00a0 \u00a0 \u00a0 \u00a0 \u00a0 613-104th Ave.<\/p>\n<p>\u00a0 \u00a0 \u00a0 \u00a0 \u00a0 \u00a0 \u00a0 \u00a0 \u00a0 \u00a0 \u00a0 \u00a0 \u00a0 \u00a0 \u00a0 Dawson Creek, C.-B.<\/p>\n<p>\u00a0 \u00a0 \u00a0 \u00a0 \u00a0 \u00a0 \u00a0 \u00a0 \u00a0 \u00a0 \u00a0 \u00a0 \u00a0 \u00a0 \u00a0 \u00a0V1G 2H1<\/p>\n<hr \/>\n<p>La garantie ne s\u2019applique pas \u00e0 un produit ou \u00e0 une partie de celui-ci qui, de l\u2019avis de la soci\u00e9t\u00e9, a \u00e9t\u00e9 endommag\u00e9 par une modification, une installation incorrecte, une mauvaise manipulation, une mauvaise utilisation, de la n\u00e9gligence, un accident ou une exposition \u00e0 des solvants.<\/p>\n<hr \/>\n<p>Nous garantissons que nos produits sont exempts de tout vice de mat\u00e9riau et de fabrication. Les retours de produits d\u00e9fectueux seront accept\u00e9s pour un \u00e9change, \u00e0 notre discr\u00e9tion, dans les 14\u00a0jours suivant la date d\u2019achat initiale. <strong>Aucun<\/strong> remboursement temporaire ne sera accord\u00e9. Les clients doivent payer les frais de retour. Nous ne sommes pas responsables de la perte des produits retourn\u00e9s ni des dommages qu\u2019ils pourraient subir.<\/p>\n<hr \/>\n<p>L\u2019\u00c9TENDUE DE LA RESPONSABILIT\u00c9 DE LA SOCI\u00c9T\u00c9 DANS LE CADRE DE CETTE GARANTIE EST LIMIT\u00c9E AU REMPLACEMENT PR\u00c9VU CI-DESSUS ET NE POURRA EN AUCUN CAS D\u00c9PASSER LE PRIX D\u2019ACHAT PAY\u00c9 PAR L\u2019ACHETEUR POUR LE PRODUIT.<\/p>\n<hr \/>\n<p>Les articles en solde, les commandes sp\u00e9ciales, les articles de fin de s\u00e9rie ou en liquidation ne sont <strong>pas<\/strong> retournables<\/p>\n<hr \/>\n<p>&nbsp;<\/p>\n<p>Sous r\u00e9serve de modifications sans pr\u00e9avis.<\/p>\n<p>&nbsp;<\/p>","protected":false},"excerpt":{"rendered":"&nbsp; Garantie limit\u00e9e La garantie offerte par Rip\u2019s\u00a0Cleats \u00e0 l\u2019acheteur original au d\u00e9tail est non transf\u00e9rable et exclut express\u00e9ment tout produit qui n\u2019a pas \u00e9t\u00e9 achet\u00e9 comme neuf aupr\u00e8s d\u2019un d\u00e9taillant autoris\u00e9 de Rip\u2019s Cleats. Si ce produit ou toute partie de celui-ci, dans des conditions normales d\u2019utilisation et les conditions pour lesquelles il a<p><a class=\"moretag\" href=\"https:\/\/ripscleats.com\/fr\/garantie\/\">Read more&#8230;<\/a><\/p>","protected":false},"author":5,"featured_media":1321,"parent":0,"menu_order":0,"comment_status":"closed","ping_status":"closed","template":"","meta":{"_acf_changed":false,"footnotes":""},"class_list":["post-1237","page","type-page","status-publish","has-post-thumbnail","hentry"],"acf":[],"_links":{"self":[{"href":"https:\/\/ripscleats.com\/fr\/wp-json\/wp\/v2\/pages\/1237","targetHints":{"allow":["GET"]}}],"collection":[{"href":"https:\/\/ripscleats.com\/fr\/wp-json\/wp\/v2\/pages"}],"about":[{"href":"https:\/\/ripscleats.com\/fr\/wp-json\/wp\/v2\/types\/page"}],"author":[{"embeddable":true,"href":"https:\/\/ripscleats.com\/fr\/wp-json\/wp\/v2\/users\/5"}],"replies":[{"embeddable":true,"href":"https:\/\/ripscleats.com\/fr\/wp-json\/wp\/v2\/comments?post=1237"}],"version-history":[{"count":0,"href":"https:\/\/ripscleats.com\/fr\/wp-json\/wp\/v2\/pages\/1237\/revisions"}],"wp:featuredmedia":[{"embeddable":true,"href":"https:\/\/ripscleats.com\/fr\/wp-json\/wp\/v2\/media\/1321"}],"wp:attachment":[{"href":"https:\/\/ripscleats.com\/fr\/wp-json\/wp\/v2\/media?parent=1237"}],"curies":[{"name":"wp","href":"https:\/\/api.w.org\/{rel}","templated":true}]}}